{"id":54,"date":"2023-06-07T19:04:51","date_gmt":"2023-06-07T17:04:51","guid":{"rendered":"http:\/\/mdskinesiologue.com\/?page_id=54"},"modified":"2023-06-11T10:17:26","modified_gmt":"2023-06-11T08:17:26","slug":"autres-techniques-et-ateliers","status":"publish","type":"page","link":"https:\/\/mdskinesiologue.com\/index.php\/autres-techniques-et-ateliers\/","title":{"rendered":"Autres techniques et ateliers"},"content":{"rendered":"\n<p class=\"has-text-align-center has-accent-color has-text-color has-large-font-size\">Je propose r\u00e9guli\u00e8rement des ateliers pour aller plus loin dans la connaissance de soi.<\/p>\n\n\n\n<p class=\"has-text-align-center\">Ces techniques peuvent \u00eatre utilis\u00e9es \u00e9galement dans le cadre d&#8217;un suivi souhait\u00e9 par le client, pour trouver toute information qui vienne l&#8217;aider \u00e0 comprendre son chemin de vie.<\/p>\n\n\n\n<p class=\"has-text-align-center\">Tarot de Marseille, Lettres H\u00e9bra\u00efques et Symbolique<\/p>\n\n\n\n<p class=\"has-text-align-center\">( comprendre, d\u00e9passer une probl\u00e9matique \u00e0 travers le symbolisme&#8230;)<\/p>\n\n\n\n<p class=\"has-text-align-center\">R\u00e9f\u00e9rentiel de naissance<br>( \u00e0 partir de la date de naissance, une roue de treize maisons qui met en lumi\u00e8re vos atouts, vos d\u00e9fis et vos ressources &#8230;)<\/p>\n\n\n\n<p class=\"has-text-align-center\">Autour de la naissance<br>( les informations int\u00e9gr\u00e9es durant les 27 mois autour de la naissance pour notre programme de vie )<\/p>\n\n\n\n<p class=\"has-text-align-center\">Initiation aux diff\u00e9rents degr\u00e9s Reiki Usui&nbsp;<\/p>\n\n\n\n<p class=\"has-text-align-center\">(Harmonisation du corps et de l&#8217;esprit par apposition des mains)<\/p>\n\n\n\n<p class=\"has-text-align-center\">\u00c9motions dans tous les sens<br>( exc\u00e8s, faiblesses \u00e9nerg\u00e9tiques, symbolique des organes associ\u00e9s&#8230;)<\/p>\n\n\n\n<p class=\"has-text-align-center\">Les ateliers se font en petit groupe ( maxi 5 personnes) pour donner la possibilit\u00e9 \u00e0 chacun de s&#8217;exprimer, travailler et d&#8217;exp\u00e9rimenter.<\/p>\n\n\n\n<p class=\"has-text-align-center\">Pour les dates, les tarifs ou autre renseignement concernant ces ateliers, merci de me contacter.<\/p>\n\n\n\n<p class=\"has-text-align-center\"><\/p>\n","protected":false},"excerpt":{"rendered":"<p>Je propose r\u00e9guli\u00e8rement des ateliers pour aller plus loin dans la connaissance de soi. Ces techniques peuvent \u00eatre utilis\u00e9es \u00e9galement dans le cadre d&#8217;un suivi souhait\u00e9 par le client, pour trouver toute information qui vienne l&#8217;aider \u00e0 comprendre son chemin de vie. Tarot de Marseille, Lettres H\u00e9bra\u00efques et Symbolique ( comprendre, d\u00e9passer une probl\u00e9matique \u00e0 [&hellip;]<\/p>\n","protected":false},"author":1,"featured_media":31,"parent":0,"menu_order":0,"comment_status":"closed","ping_status":"closed","template":"","meta":{"footnotes":""},"class_list":["post-54","page","type-page","status-publish","has-post-thumbnail","hentry"],"_links":{"self":[{"href":"https:\/\/mdskinesiologue.com\/index.php\/wp-json\/wp\/v2\/pages\/54","targetHints":{"allow":["GET"]}}],"collection":[{"href":"https:\/\/mdskinesiologue.com\/index.php\/wp-json\/wp\/v2\/pages"}],"about":[{"href":"https:\/\/mdskinesiologue.com\/index.php\/wp-json\/wp\/v2\/types\/page"}],"author":[{"embeddable":true,"href":"https:\/\/mdskinesiologue.com\/index.php\/wp-json\/wp\/v2\/users\/1"}],"replies":[{"embeddable":true,"href":"https:\/\/mdskinesiologue.com\/index.php\/wp-json\/wp\/v2\/comments?post=54"}],"version-history":[{"count":4,"href":"https:\/\/mdskinesiologue.com\/index.php\/wp-json\/wp\/v2\/pages\/54\/revisions"}],"predecessor-version":[{"id":97,"href":"https:\/\/mdskinesiologue.com\/index.php\/wp-json\/wp\/v2\/pages\/54\/revisions\/97"}],"wp:featuredmedia":[{"embeddable":true,"href":"https:\/\/mdskinesiologue.com\/index.php\/wp-json\/wp\/v2\/media\/31"}],"wp:attachment":[{"href":"https:\/\/mdskinesiologue.com\/index.php\/wp-json\/wp\/v2\/media?parent=54"}],"curies":[{"name":"wp","href":"https:\/\/api.w.org\/{rel}","templated":true}]}}