{"id":53,"date":"2023-06-07T19:04:51","date_gmt":"2023-06-07T17:04:51","guid":{"rendered":"http:\/\/mdskinesiologue.com\/?page_id=53"},"modified":"2023-06-11T10:16:26","modified_gmt":"2023-06-11T08:16:26","slug":"dans-quelle-situation-consulter","status":"publish","type":"page","link":"https:\/\/mdskinesiologue.com\/index.php\/dans-quelle-situation-consulter\/","title":{"rendered":"Dans quelle situation consulter ?"},"content":{"rendered":"\n<p class=\"has-text-align-center\">Lorsque je souhaite me lib\u00e9rer d&#8217;une douleur physique ou morale<\/p>\n\n\n\n<p class=\"has-text-align-center\">Je suis fatigu\u00e9, je rencontre des probl\u00e8mes de sommeil<\/p>\n\n\n\n<p class=\"has-text-align-center\">Je d\u00e9sire g\u00e9rer une situation conflictuelle <\/p>\n\n\n\n<p class=\"has-text-align-center\">J&#8217;ai des peurs, des anxi\u00e9t\u00e9s, des phobies<\/p>\n\n\n\n<p class=\"has-text-align-center\"><br>Je veux retrouver ma confiance, mes potentiels<\/p>\n\n\n\n<p class=\"has-text-align-center\">Je d\u00e9cide de sortir d&#8217;une addiction<\/p>\n\n\n\n<p class=\"has-text-align-center\"> Je veux apprendre facilement<\/p>\n\n\n\n<p class=\"has-text-align-center\">Je veux concr\u00e9tiser un projet, atteindre mes objectifs professionnels<\/p>\n\n\n\n<p class=\"has-text-align-center\">Je souhaite me sentir bien dans mon corps <\/p>\n\n\n\n<p class=\"has-text-align-center\">Je d\u00e9cide d&#8217;\u00eatre vraiment moi, lib\u00e9r\u00e9 des freins du pass\u00e9<\/p>\n\n\n\n<p class=\"has-text-align-center\">J&#8217;ai des difficult\u00e9s \u00e0 \u00eatre enceinte, fertilit\u00e9 et conception<\/p>\n\n\n\n<p class=\"has-accent-color has-text-color has-large-font-size\">&#8230;.Et toutes les autres situations vous maintenant dans un inconfort quotidien&#8230;.<\/p>\n\n\n\n<p class=\"has-text-align-center\">Les consultations concernent tous les \u00e2ges, du nourrisson aux seniors.<br>Pour les personnes ne pouvant \u00eatre test\u00e9es, le Kin\u00e9siologue travaille avec un transfert sur l&#8217;accompagnant (exemple nourrisson et sa maman), de la m\u00eame mani\u00e8re, il est aussi possible de travailler sur les animaux.<\/p>\n\n\n\n<p class=\"has-text-align-center\">Et en rappel, une consultation en Kin\u00e9siologie ne remplace pas un avis m\u00e9dical.<\/p>\n\n\n\n<p class=\"has-text-align-center\">Uniquement sur rendez vous \u00e0 mon cabinet.<\/p>\n\n\n\n<p class=\"has-text-align-center\">Vous pouvez consulter l&#8217;annuaire des kin\u00e9siologues r\u00e9f\u00e9renc\u00e9s ici: unik-kinesiologie.eu<\/p>\n","protected":false},"excerpt":{"rendered":"<p>Lorsque je souhaite me lib\u00e9rer d&#8217;une douleur physique ou morale Je suis fatigu\u00e9, je rencontre des probl\u00e8mes de sommeil Je d\u00e9sire g\u00e9rer une situation conflictuelle J&#8217;ai des peurs, des anxi\u00e9t\u00e9s, des phobies Je veux retrouver ma confiance, mes potentiels Je d\u00e9cide de sortir d&#8217;une addiction Je veux apprendre facilement Je veux concr\u00e9tiser un projet, atteindre [&hellip;]<\/p>\n","protected":false},"author":1,"featured_media":0,"parent":0,"menu_order":0,"comment_status":"closed","ping_status":"closed","template":"","meta":{"footnotes":""},"class_list":["post-53","page","type-page","status-publish","hentry"],"_links":{"self":[{"href":"https:\/\/mdskinesiologue.com\/index.php\/wp-json\/wp\/v2\/pages\/53","targetHints":{"allow":["GET"]}}],"collection":[{"href":"https:\/\/mdskinesiologue.com\/index.php\/wp-json\/wp\/v2\/pages"}],"about":[{"href":"https:\/\/mdskinesiologue.com\/index.php\/wp-json\/wp\/v2\/types\/page"}],"author":[{"embeddable":true,"href":"https:\/\/mdskinesiologue.com\/index.php\/wp-json\/wp\/v2\/users\/1"}],"replies":[{"embeddable":true,"href":"https:\/\/mdskinesiologue.com\/index.php\/wp-json\/wp\/v2\/comments?post=53"}],"version-history":[{"count":3,"href":"https:\/\/mdskinesiologue.com\/index.php\/wp-json\/wp\/v2\/pages\/53\/revisions"}],"predecessor-version":[{"id":96,"href":"https:\/\/mdskinesiologue.com\/index.php\/wp-json\/wp\/v2\/pages\/53\/revisions\/96"}],"wp:attachment":[{"href":"https:\/\/mdskinesiologue.com\/index.php\/wp-json\/wp\/v2\/media?parent=53"}],"curies":[{"name":"wp","href":"https:\/\/api.w.org\/{rel}","templated":true}]}}