{"id":52,"date":"2023-06-07T19:04:51","date_gmt":"2023-06-07T17:04:51","guid":{"rendered":"http:\/\/mdskinesiologue.com\/?page_id=52"},"modified":"2023-06-08T15:30:59","modified_gmt":"2023-06-08T13:30:59","slug":"mes-techniques-en-kinesiologie","status":"publish","type":"page","link":"https:\/\/mdskinesiologue.com\/index.php\/mes-techniques-en-kinesiologie\/","title":{"rendered":"Mes Techniques en Kin\u00e9siologie"},"content":{"rendered":"\n<p class=\"has-text-align-center has-accent-color has-text-color has-larger-font-size\">Mes sp\u00e9cialit\u00e9s en kin\u00e9siologie \u00e0 votre disposition<\/p>\n\n\n\n<p class=\"has-text-align-center has-primary-color has-text-color has-normal-font-size\">Sant\u00e9 par le toucher TFH \u00a9 ( \u00e9nerg\u00e9tique )<\/p>\n\n\n\n<p class=\"has-text-align-center has-primary-color has-text-color has-normal-font-size\">Kin\u00e9siologie comportementale 3 en 1 concept\u00a9 ( \u00e9motionnel )<\/p>\n\n\n\n<p class=\"has-text-align-center\">Kin\u00e9siologie Harmonique \u00ae (\u00e9nergie, \u00e9motion, g\u00e9n\u00e9rations )<\/p>\n\n\n\n<p class=\"has-text-align-center\">Stress Release \u00a9 ( gestion du stress ) <\/p>\n\n\n\n<p class=\"has-text-align-center\">Kin\u00e9siologie p\u00e9rinatale \u00ae <\/p>\n\n\n\n<p class=\"has-text-align-center\">( vie in ut\u00e9ro, de la conception \u00e0 la naissance)<\/p>\n\n\n\n<p class=\"has-text-align-center\">\u00c9ducation kinesth\u00e9sique \u00a9 Brain Gym \u00a9 <\/p>\n\n\n\n<p class=\"has-text-align-center\">( mouvements du corps et fonctions c\u00e9r\u00e9brales )<\/p>\n\n\n\n<p class=\"has-text-align-center\">Kin\u00e9siologie Cr\u00e2nio-Sacr\u00e9e \u00a9( structure des os du cr\u00e2ne et sacrum )<\/p>\n\n\n\n<p class=\"has-text-align-center has-text-color has-large-font-size\" style=\"color:#c814fcd6\">Le corps va choisir la technique la plus appropri\u00e9e pour la personne au moment de la consultation.<\/p>\n","protected":false},"excerpt":{"rendered":"<p>Mes sp\u00e9cialit\u00e9s en kin\u00e9siologie \u00e0 votre disposition Sant\u00e9 par le toucher TFH \u00a9 ( \u00e9nerg\u00e9tique ) Kin\u00e9siologie comportementale 3 en 1 concept\u00a9 ( \u00e9motionnel ) Kin\u00e9siologie Harmonique \u00ae (\u00e9nergie, \u00e9motion, g\u00e9n\u00e9rations ) Stress Release \u00a9 ( gestion du stress ) Kin\u00e9siologie p\u00e9rinatale \u00ae ( vie in ut\u00e9ro, de la conception \u00e0 la naissance) \u00c9ducation kinesth\u00e9sique [&hellip;]<\/p>\n","protected":false},"author":1,"featured_media":0,"parent":0,"menu_order":0,"comment_status":"closed","ping_status":"closed","template":"","meta":{"footnotes":""},"class_list":["post-52","page","type-page","status-publish","hentry"],"_links":{"self":[{"href":"https:\/\/mdskinesiologue.com\/index.php\/wp-json\/wp\/v2\/pages\/52","targetHints":{"allow":["GET"]}}],"collection":[{"href":"https:\/\/mdskinesiologue.com\/index.php\/wp-json\/wp\/v2\/pages"}],"about":[{"href":"https:\/\/mdskinesiologue.com\/index.php\/wp-json\/wp\/v2\/types\/page"}],"author":[{"embeddable":true,"href":"https:\/\/mdskinesiologue.com\/index.php\/wp-json\/wp\/v2\/users\/1"}],"replies":[{"embeddable":true,"href":"https:\/\/mdskinesiologue.com\/index.php\/wp-json\/wp\/v2\/comments?post=52"}],"version-history":[{"count":4,"href":"https:\/\/mdskinesiologue.com\/index.php\/wp-json\/wp\/v2\/pages\/52\/revisions"}],"predecessor-version":[{"id":83,"href":"https:\/\/mdskinesiologue.com\/index.php\/wp-json\/wp\/v2\/pages\/52\/revisions\/83"}],"wp:attachment":[{"href":"https:\/\/mdskinesiologue.com\/index.php\/wp-json\/wp\/v2\/media?parent=52"}],"curies":[{"name":"wp","href":"https:\/\/api.w.org\/{rel}","templated":true}]}}