{"id":24,"date":"2023-06-07T16:10:58","date_gmt":"2023-06-07T14:10:58","guid":{"rendered":"http:\/\/mdskinesiologue.com\/?page_id=24"},"modified":"2023-06-07T18:32:08","modified_gmt":"2023-06-07T16:32:08","slug":"a-propos-de","status":"publish","type":"page","link":"https:\/\/mdskinesiologue.com\/index.php\/a-propos-de\/","title":{"rendered":"Kin\u00e9siologie"},"content":{"rendered":"\n<p class=\"has-text-align-center has-accent-color has-text-color has-large-font-size\">La Kin\u00e9siologie qu&#8217;est ce que c&#8217;est ?<\/p>\n\n\n\n<p class=\"has-text-align-center\">Une approche humaniste entre l&#8217;\u00e9nerg\u00e9tique traditionnelle chinoise et la physiologie occidentale. Un accompagnement de l&#8217;individu vers un \u00e9quilibre sur les plans physique, mental , \u00e9motionnel, \u00e9nerg\u00e9tique.<\/p>\n\n\n\n<p class=\"has-text-align-center\">Le consultant est aid\u00e9 pour retrouver ses capacit\u00e9s inn\u00e9es, son potentiel \u00e0 sortir du stress li\u00e9 \u00e0 son quotidien ou son v\u00e9cu, il va pouvoir vivre sa r\u00e9alit\u00e9 en paix.<\/p>\n\n\n\n<p class=\"has-text-align-center has-accent-color has-text-color has-large-font-size\">Comment \u00e7a fonctionne ?<\/p>\n\n\n\n<p class=\"has-text-align-center\">Identifier \u00e0 l&#8217;aide de la tonicit\u00e9 d&#8217;un muscle, les causes du d\u00e9s\u00e9quilibre, du mal \u00eatre, des tensions psychiques ou physiques. Le consultant est ainsi pleinement actif lors d&#8217;une s\u00e9ance, il peut observer les changements qui s&#8217;op\u00e8rent et aller librement vers un choix conscient et responsable pour son bien \u00eatre. Cette technique p\u00e9dagogique et \u00e9ducative consid\u00e8re l&#8217;individu dans sa globalit\u00e9 et peut s&#8217;envisager de mani\u00e8re compl\u00e9mentaire \u00e0 une approche m\u00e9dicale \u00e0 laquelle elle ne substitue pas.<\/p>\n\n\n\n<p class=\"has-text-align-center has-accent-color has-text-color has-large-font-size\">Le test musculaire<\/p>\n\n\n\n<p class=\"has-text-align-center\">Dans les ann\u00e9es 1960, des chiropracteurs am\u00e9ricains mettent en \u00e9vidence le lien entre le syst\u00e8me musculaire et le cerveau. Le muscle s&#8217;affaiblit lorsque un stimulus ext\u00e9rieur agit comme stresseur ( une odeur, une date, un bruit, une situation etc&#8230;). Lorsque l&#8217;\u00e9motion ne peut \u00eatre g\u00e9r\u00e9e le muscle n&#8217;offre pas de r\u00e9sistance.<\/p>\n\n\n\n<p class=\"has-text-align-center has-accent-color has-text-color has-large-font-size\">D\u00e9roulement d&#8217;une s\u00e9ance<\/p>\n\n\n\n<p class=\"has-text-align-center\">Chaque Kin\u00e9siologue \u00e0 sa propre fa\u00e7on de travailler, n\u00e9anmoins les bases d&#8217;une s\u00e9ance restent identiques.<\/p>\n\n\n\n<p class=\"has-text-align-center\">Prise de contact, d\u00e9finition des besoins du client.<\/p>\n\n\n\n<p class=\"has-text-align-center\">S\u00e9ance assise, debout, ou couch\u00e9 selon les priorit\u00e9s. Le client reste habill\u00e9, il \u00f4te ses chaussures, \u00e9ventuellement ses accessoires.<\/p>\n\n\n\n<p class=\"has-text-align-center\">L&#8217;objectif d\u00e9fini au pr\u00e9alable se doit d&#8217;\u00eatre concret, r\u00e9alisable, mesurable et positif.<\/p>\n\n\n\n<p class=\"has-text-align-center\">Le kin\u00e9siologue utilise le test musculaire pour interroger la m\u00e9moire du corps o\u00f9 sont inscrits les \u00e9tats de stress. Le client peut selon son d\u00e9sir, s&#8217;exprimer ou pas, le dialogue passe avant tout par le corps.<\/p>\n\n\n\n<p class=\"has-text-align-center\">Des corrections sont propos\u00e9es au corps et le consultant peut noter le changement et opter pour un comportement positif \u00e0 mettre en place.<\/p>\n\n\n\n<p class=\"has-text-align-center\">Une s\u00e9ance dure en moyenne 1 heure, 1h30 au plus.<\/p>\n\n\n\n<p class=\"has-text-align-center\">Le nombre de s\u00e9ances est variable selon l&#8217;objectif du client ( en moyenne 3 \u00e0 5 ), sa capacit\u00e9 \u00e0 int\u00e9grer les informations, le rythme de chaque personne \u00e9tant diff\u00e9rent. En principe les s\u00e9ances sont espac\u00e9es de 3\/ 4 semaines, sauf exceptions et demande du corps.<\/p>\n\n\n\n<p class=\"has-text-align-center\"><strong>Rappel<\/strong>: Le test musculaire ne peut en aucun cas \u00eatre utilis\u00e9 pour tester des diagnostics m\u00e9dicaux, des sujets ou des id\u00e9ologies qui rel\u00e8vent de l&#8217;imaginaire, du symbolique, du virtuel, ou appartenant \u00e0 des croyances religieuses \u00e9sot\u00e9riques ou autres&#8230;<\/p>\n\n\n\n<p class=\"has-text-align-center\">Le kin\u00e9siologue n&#8217;\u00e9tablit pas de diagnostic m\u00e9dical, ne prescrit pas, ne demande jamais de suspendre un traitement m\u00e9dical.<\/p>\n\n\n\n<p class=\"has-text-align-center\">( extrait de la charte de la f\u00e9d\u00e9ration fran\u00e7aise de Kin\u00e9siologie.)<\/p>\n","protected":false},"excerpt":{"rendered":"<p>La Kin\u00e9siologie qu&#8217;est ce que c&#8217;est ? Une approche humaniste entre l&#8217;\u00e9nerg\u00e9tique traditionnelle chinoise et la physiologie occidentale. Un accompagnement de l&#8217;individu vers un \u00e9quilibre sur les plans physique, mental , \u00e9motionnel, \u00e9nerg\u00e9tique. Le consultant est aid\u00e9 pour retrouver ses capacit\u00e9s inn\u00e9es, son potentiel \u00e0 sortir du stress li\u00e9 \u00e0 son quotidien ou son v\u00e9cu, [&hellip;]<\/p>\n","protected":false},"author":1,"featured_media":0,"parent":0,"menu_order":0,"comment_status":"closed","ping_status":"closed","template":"","meta":{"footnotes":""},"class_list":["post-24","page","type-page","status-publish","hentry"],"_links":{"self":[{"href":"https:\/\/mdskinesiologue.com\/index.php\/wp-json\/wp\/v2\/pages\/24","targetHints":{"allow":["GET"]}}],"collection":[{"href":"https:\/\/mdskinesiologue.com\/index.php\/wp-json\/wp\/v2\/pages"}],"about":[{"href":"https:\/\/mdskinesiologue.com\/index.php\/wp-json\/wp\/v2\/types\/page"}],"author":[{"embeddable":true,"href":"https:\/\/mdskinesiologue.com\/index.php\/wp-json\/wp\/v2\/users\/1"}],"replies":[{"embeddable":true,"href":"https:\/\/mdskinesiologue.com\/index.php\/wp-json\/wp\/v2\/comments?post=24"}],"version-history":[{"count":2,"href":"https:\/\/mdskinesiologue.com\/index.php\/wp-json\/wp\/v2\/pages\/24\/revisions"}],"predecessor-version":[{"id":50,"href":"https:\/\/mdskinesiologue.com\/index.php\/wp-json\/wp\/v2\/pages\/24\/revisions\/50"}],"wp:attachment":[{"href":"https:\/\/mdskinesiologue.com\/index.php\/wp-json\/wp\/v2\/media?parent=24"}],"curies":[{"name":"wp","href":"https:\/\/api.w.org\/{rel}","templated":true}]}}