{"id":2,"date":"2023-06-06T18:40:26","date_gmt":"2023-06-06T16:40:26","guid":{"rendered":"http:\/\/mdskinesiologue.com\/?page_id=2"},"modified":"2023-06-12T16:00:51","modified_gmt":"2023-06-12T14:00:51","slug":"page-d-exemple","status":"publish","type":"page","link":"https:\/\/mdskinesiologue.com\/","title":{"rendered":""},"content":{"rendered":"\n<p class=\"has-text-align-center has-accent-color has-text-color has-larger-font-size\">Marie Dos Santos<\/p>\n\n\n\n<div class=\"wp-block-group\"><div class=\"wp-block-group__inner-container is-layout-constrained wp-block-group-is-layout-constrained\">\n<p class=\"has-text-align-center has-accent-color has-text-color has-larger-font-size\">Kin\u00e9siologie, bien \u00eatre,  <\/p>\n\n\n\n<p class=\"has-text-align-center has-accent-color has-text-color has-larger-font-size\">d\u00e9veloppement personnel <\/p>\n<\/div><\/div>\n\n\n<div class=\"wp-block-image is-style-default\">\n<figure class=\"aligncenter size-full\"><img loading=\"lazy\" decoding=\"async\" width=\"500\" height=\"500\" src=\"http:\/\/mdskinesiologue.com\/wp-content\/uploads\/2023\/06\/glycine.png\" alt=\"\" class=\"wp-image-31\" srcset=\"https:\/\/mdskinesiologue.com\/wp-content\/uploads\/2023\/06\/glycine.png 500w, https:\/\/mdskinesiologue.com\/wp-content\/uploads\/2023\/06\/glycine-300x300.png 300w, https:\/\/mdskinesiologue.com\/wp-content\/uploads\/2023\/06\/glycine-150x150.png 150w\" sizes=\"auto, (max-width: 500px) 100vw, 500px\" \/><\/figure>\n<\/div>\n\n\n<p class=\"has-text-align-center has-accent-color has-text-color has-larger-font-size\">Consultations individuelles,<\/p>\n\n\n\n<p class=\"has-text-align-center has-accent-color has-text-color has-larger-font-size\"> uniquement sur rendez vous \u00e0 mon cabinet <\/p>\n\n\n\n<p class=\"has-text-align-center has-accent-color has-text-color has-larger-font-size\">06 16 50 41 90 <\/p>\n\n\n\n<p class=\"has-text-align-center has-accent-color has-text-color has-larger-font-size\">Email : mariedskinesio@gmail.com  <\/p>\n\n\n\n<p><\/p>\n\n\n\n<p><\/p>\n\n\n\n<p><\/p>\n\n\n\n<p><\/p>\n\n\n\n<p><\/p>\n\n\n\n<p><\/p>\n","protected":false},"excerpt":{"rendered":"<p>Marie Dos Santos Kin\u00e9siologie, bien \u00eatre, d\u00e9veloppement personnel Consultations individuelles, uniquement sur rendez vous \u00e0 mon cabinet 06 16 50 41 90 Email : mariedskinesio@gmail.com<\/p>\n","protected":false},"author":1,"featured_media":0,"parent":0,"menu_order":0,"comment_status":"closed","ping_status":"open","template":"","meta":{"footnotes":""},"class_list":["post-2","page","type-page","status-publish","hentry"],"_links":{"self":[{"href":"https:\/\/mdskinesiologue.com\/index.php\/wp-json\/wp\/v2\/pages\/2","targetHints":{"allow":["GET"]}}],"collection":[{"href":"https:\/\/mdskinesiologue.com\/index.php\/wp-json\/wp\/v2\/pages"}],"about":[{"href":"https:\/\/mdskinesiologue.com\/index.php\/wp-json\/wp\/v2\/types\/page"}],"author":[{"embeddable":true,"href":"https:\/\/mdskinesiologue.com\/index.php\/wp-json\/wp\/v2\/users\/1"}],"replies":[{"embeddable":true,"href":"https:\/\/mdskinesiologue.com\/index.php\/wp-json\/wp\/v2\/comments?post=2"}],"version-history":[{"count":4,"href":"https:\/\/mdskinesiologue.com\/index.php\/wp-json\/wp\/v2\/pages\/2\/revisions"}],"predecessor-version":[{"id":94,"href":"https:\/\/mdskinesiologue.com\/index.php\/wp-json\/wp\/v2\/pages\/2\/revisions\/94"}],"wp:attachment":[{"href":"https:\/\/mdskinesiologue.com\/index.php\/wp-json\/wp\/v2\/media?parent=2"}],"curies":[{"name":"wp","href":"https:\/\/api.w.org\/{rel}","templated":true}]}}